{"id":9,"date":"2023-10-12T15:20:25","date_gmt":"2023-10-12T15:20:25","guid":{"rendered":"https:\/\/amrok.speed.hebergement-com4design.fr\/?page_id=9"},"modified":"2023-10-28T07:27:46","modified_gmt":"2023-10-28T07:27:46","slug":"home","status":"publish","type":"page","link":"https:\/\/4mrok.com\/","title":{"rendered":"home"},"content":{"rendered":"\t\t<div data-elementor-type=\"wp-page\" data-elementor-id=\"9\" class=\"elementor elementor-9\" data-elementor-post-type=\"page\">\n\t\t\t\t<div class=\"elementor-element elementor-element-4f524fb e-flex e-con-boxed e-con e-parent\" data-id=\"4f524fb\" data-element_type=\"container\" data-e-type=\"container\" data-settings=\"{&quot;background_background&quot;:&quot;classic&quot;}\">\n\t\t\t\t\t<div class=\"e-con-inner\">\n\t\t\t\t<div class=\"elementor-element elementor-element-f9898ad elementor-cta--skin-cover elementor-cta--valign-middle elementor-widget elementor-widget-call-to-action\" data-id=\"f9898ad\" data-element_type=\"widget\" data-e-type=\"widget\" data-settings=\"{&quot;motion_fx_motion_fx_scrolling&quot;:&quot;yes&quot;,&quot;motion_fx_scale_effect&quot;:&quot;yes&quot;,&quot;motion_fx_scale_direction&quot;:&quot;out-in&quot;,&quot;motion_fx_scale_speed&quot;:{&quot;unit&quot;:&quot;px&quot;,&quot;size&quot;:4,&quot;sizes&quot;:[]},&quot;motion_fx_scale_range&quot;:{&quot;unit&quot;:&quot;%&quot;,&quot;size&quot;:&quot;&quot;,&quot;sizes&quot;:{&quot;start&quot;:20,&quot;end&quot;:80}},&quot;motion_fx_devices&quot;:[&quot;desktop&quot;,&quot;tablet&quot;,&quot;mobile&quot;]}\" data-widget_type=\"call-to-action.default\">\n\t\t\t\t<div class=\"elementor-widget-container\">\n\t\t\t\t\t\t\t<a class=\"elementor-cta\" href=\"https:\/\/www.youtube.com\/watch?v=Ip89irqemQQ\" target=\"_blank\">\n\t\t\t\t\t<div class=\"elementor-cta__bg-wrapper\">\n\t\t\t\t<div class=\"elementor-cta__bg elementor-bg\" style=\"background-image: url(https:\/\/4mrok.com\/wp-content\/uploads\/2023\/10\/Groupe-54249-1024x534.png);\" role=\"img\" aria-label=\"Groupe 54249\"><\/div>\n\t\t\t\t<div class=\"elementor-cta__bg-overlay\"><\/div>\n\t\t\t<\/div>\n\t\t\t\t\t\t\t<div class=\"elementor-cta__content\">\n\t\t\t\t\t\t\t\t\t<div class=\"elementor-content-item elementor-cta__content-item elementor-cta__image\">\n\t\t\t\t\t\t<img decoding=\"async\" width=\"1\" height=\"1\" src=\"https:\/\/4mrok.com\/wp-content\/uploads\/2023\/10\/Groupe-6.svg\" class=\"attachment-thumbnail size-thumbnail wp-image-105\" alt=\"\" \/>\t\t\t\t\t<\/div>\n\t\t\t\t\n\t\t\t\t\n\t\t\t\t\n\t\t\t\t\t\t\t<\/div>\n\t\t\t\t\t\t<\/a>\n\t\t\t\t\t\t<\/div>\n\t\t\t\t<\/div>\n\t\t\t\t\t<\/div>\n\t\t\t\t<\/div>\n\t\t<div class=\"elementor-element elementor-element-352be4a e-flex e-con-boxed e-con e-parent\" data-id=\"352be4a\" data-element_type=\"container\" data-e-type=\"container\" data-settings=\"{&quot;background_background&quot;:&quot;classic&quot;,&quot;motion_fx_motion_fx_scrolling&quot;:&quot;yes&quot;,&quot;motion_fx_scale_effect&quot;:&quot;yes&quot;,&quot;motion_fx_scale_direction&quot;:&quot;in-out&quot;,&quot;motion_fx_scale_speed&quot;:{&quot;unit&quot;:&quot;px&quot;,&quot;size&quot;:4,&quot;sizes&quot;:[]},&quot;motion_fx_scale_range&quot;:{&quot;unit&quot;:&quot;%&quot;,&quot;size&quot;:&quot;&quot;,&quot;sizes&quot;:{&quot;start&quot;:20,&quot;end&quot;:80}},&quot;motion_fx_devices&quot;:[&quot;desktop&quot;,&quot;tablet&quot;,&quot;mobile&quot;]}\">\n\t\t\t\t\t<div class=\"e-con-inner\">\n\t\t\t\t<div class=\"elementor-element elementor-element-ec53add elementor-widget elementor-widget-heading\" data-id=\"ec53add\" data-element_type=\"widget\" data-e-type=\"widget\" data-widget_type=\"heading.default\">\n\t\t\t\t<div class=\"elementor-widget-container\">\n\t\t\t\t\t<h2 class=\"elementor-heading-title elementor-size-default\">Entre<br> joie et peine<\/h2>\t\t\t\t<\/div>\n\t\t\t\t<\/div>\n\t\t\t\t<div class=\"elementor-element elementor-element-03dcd62 elementor-widget elementor-widget-heading\" data-id=\"03dcd62\" data-element_type=\"widget\" data-e-type=\"widget\" data-widget_type=\"heading.default\">\n\t\t\t\t<div class=\"elementor-widget-container\">\n\t\t\t\t\t<h2 class=\"elementor-heading-title elementor-size-default\"><span class=\"first-line\">\"<\/span><br>La diffErence est une <span class=\"yellow\">force<\/span><br> Certains en ont peur<br> J'fais dans l'indiffErence <br>Porte le poids d'mes erreurs<br><span class=\"yellow\"> #4mrok<\/span><\/h2>\t\t\t\t<\/div>\n\t\t\t\t<\/div>\n\t\t\t\t\t<\/div>\n\t\t\t\t<\/div>\n\t\t<div class=\"elementor-element elementor-element-f59c5b5 e-flex e-con-boxed e-con e-parent\" data-id=\"f59c5b5\" data-element_type=\"container\" data-e-type=\"container\" data-settings=\"{&quot;background_background&quot;:&quot;classic&quot;}\">\n\t\t\t\t\t<div class=\"e-con-inner\">\n\t\t<div class=\"elementor-element elementor-element-2fc03d8 e-con-full e-flex e-con e-child\" data-id=\"2fc03d8\" data-element_type=\"container\" data-e-type=\"container\">\n\t\t\t\t<div class=\"elementor-element elementor-element-5629eae elementor-widget elementor-widget-image\" data-id=\"5629eae\" data-element_type=\"widget\" data-e-type=\"widget\" data-settings=\"{&quot;motion_fx_motion_fx_scrolling&quot;:&quot;yes&quot;,&quot;motion_fx_translateY_effect&quot;:&quot;yes&quot;,&quot;motion_fx_translateY_speed&quot;:{&quot;unit&quot;:&quot;px&quot;,&quot;size&quot;:4,&quot;sizes&quot;:[]},&quot;motion_fx_translateY_affectedRange&quot;:{&quot;unit&quot;:&quot;%&quot;,&quot;size&quot;:&quot;&quot;,&quot;sizes&quot;:{&quot;start&quot;:0,&quot;end&quot;:100}},&quot;motion_fx_devices&quot;:[&quot;desktop&quot;,&quot;tablet&quot;,&quot;mobile&quot;]}\" data-widget_type=\"image.default\">\n\t\t\t\t<div class=\"elementor-widget-container\">\n\t\t\t\t\t\t\t\t\t\t\t\t\t\t\t<img fetchpriority=\"high\" decoding=\"async\" width=\"610\" height=\"610\" src=\"https:\/\/4mrok.com\/wp-content\/uploads\/2023\/10\/Groupe-36.png\" class=\"attachment-large size-large wp-image-62\" alt=\"\" srcset=\"https:\/\/4mrok.com\/wp-content\/uploads\/2023\/10\/Groupe-36.png 610w, https:\/\/4mrok.com\/wp-content\/uploads\/2023\/10\/Groupe-36-300x300.png 300w, https:\/\/4mrok.com\/wp-content\/uploads\/2023\/10\/Groupe-36-150x150.png 150w\" sizes=\"(max-width: 610px) 100vw, 610px\" \/>\t\t\t\t\t\t\t\t\t\t\t\t\t\t\t<\/div>\n\t\t\t\t<\/div>\n\t\t\t\t<\/div>\n\t\t<div class=\"elementor-element elementor-element-f972cb7 e-con-full e-flex e-con e-child\" data-id=\"f972cb7\" data-element_type=\"container\" data-e-type=\"container\">\n\t\t\t\t<div class=\"elementor-element elementor-element-3e93d56 elementor-widget elementor-widget-heading\" data-id=\"3e93d56\" data-element_type=\"widget\" data-e-type=\"widget\" data-widget_type=\"heading.default\">\n\t\t\t\t<div class=\"elementor-widget-container\">\n\t\t\t\t\t<h2 class=\"elementor-heading-title elementor-size-default\">Amrok<\/h2>\t\t\t\t<\/div>\n\t\t\t\t<\/div>\n\t\t\t\t<div class=\"elementor-element elementor-element-7ffabf2 elementor-widget__width-initial elementor-widget elementor-widget-heading\" data-id=\"7ffabf2\" data-element_type=\"widget\" data-e-type=\"widget\" data-widget_type=\"heading.default\">\n\t\t\t\t<div class=\"elementor-widget-container\">\n\t\t\t\t\t<h2 class=\"elementor-heading-title elementor-size-default\">\u00c0 PROPOS<\/h2>\t\t\t\t<\/div>\n\t\t\t\t<\/div>\n\t\t\t\t<div class=\"elementor-element elementor-element-c34ea01 elementor-widget elementor-widget-text-editor\" data-id=\"c34ea01\" data-element_type=\"widget\" data-e-type=\"widget\" data-widget_type=\"text-editor.default\">\n\t\t\t\t<div class=\"elementor-widget-container\">\n\t\t\t\t\t\t\t\t\t<p>Bienvenue dans l&#8217;univers d&#8217;4MROK, un artiste qui utilise la musique pour d\u00e9fendre un message de paix et de tol\u00e9rance. La musique pour lui est bien plus qu&#8217;une simple forme d&#8217;expression artistique. C&#8217;est un puissant moyen de partager son point de vue, ses r\u00e9flexions et ses convictions.<\/p><p>L&#8217;histoire d&#8217;4MROK est une remarquable transformation personnelle. Apr\u00e8s avoir travers\u00e9 diverses \u00e9tapes de la vie, il a trouv\u00e9 r\u00e9confort et inspiration dans l&#8217;islam, une foi qui a illumin\u00e9 ses moments les plus sombres. Pourtant l&#8217;Islam qui a \u00e9t\u00e9 une bou\u00e9e de sauvetage est injustement d\u00e9nigr\u00e9e dans les m\u00e9dias et l&#8217;opinion publique.<\/p><p><br \/>C&#8217;est ce constat qui a profond\u00e9ment marqu\u00e9 4mrok qui a d\u00e9cid\u00e9 de donner une voix a sa foi, de mani\u00e8re artistique, en r\u00e9action au d\u00e9nigrement continu dans les m\u00e9dias. Le parcours qu&#8217;il d\u00e9crit des t\u00e9n\u00e8bres de l&#8217;ignorance a la lumi\u00e8re de la croyance est le fondement m\u00eame de son message musical.<\/p><p>\u00a0<\/p>\t\t\t\t\t\t\t\t<\/div>\n\t\t\t\t<\/div>\n\t\t<div class=\"elementor-element elementor-element-b065a05 e-con-full e-flex e-con e-child\" data-id=\"b065a05\" data-element_type=\"container\" data-e-type=\"container\">\n\t\t\t\t<div class=\"elementor-element elementor-element-10ac292 elementor-tablet-align-justify elementor-mobile-align-center elementor-widget-mobile__width-inherit elementor-widget-tablet__width-initial elementor-widget elementor-widget-button\" data-id=\"10ac292\" data-element_type=\"widget\" data-e-type=\"widget\" data-widget_type=\"button.default\">\n\t\t\t\t<div class=\"elementor-widget-container\">\n\t\t\t\t\t\t\t\t\t<div class=\"elementor-button-wrapper\">\n\t\t\t\t\t<a class=\"elementor-button elementor-button-link elementor-size-sm\" href=\"https:\/\/www.youtube.com\/watch?v=Ip89irqemQQ\" target=\"_blank\">\n\t\t\t\t\t\t<span class=\"elementor-button-content-wrapper\">\n\t\t\t\t\t\t\t\t\t<span class=\"elementor-button-text\">ecouter<\/span>\n\t\t\t\t\t<\/span>\n\t\t\t\t\t<\/a>\n\t\t\t\t<\/div>\n\t\t\t\t\t\t\t\t<\/div>\n\t\t\t\t<\/div>\n\t\t\t\t<div class=\"elementor-element elementor-element-a0d6f55 elementor-tablet-align-justify elementor-mobile-align-center elementor-widget-mobile__width-inherit elementor-widget-tablet__width-initial elementor-widget elementor-widget-button\" data-id=\"a0d6f55\" data-element_type=\"widget\" data-e-type=\"widget\" data-widget_type=\"button.default\">\n\t\t\t\t<div class=\"elementor-widget-container\">\n\t\t\t\t\t\t\t\t\t<div class=\"elementor-button-wrapper\">\n\t\t\t\t\t<a class=\"elementor-button elementor-button-link elementor-size-sm\" href=\"#elementor-action%3Aaction%3Dpopup%3Aopen%26settings%3DeyJpZCI6IjE0MCIsInRvZ2dsZSI6ZmFsc2V9\">\n\t\t\t\t\t\t<span class=\"elementor-button-content-wrapper\">\n\t\t\t\t\t\t\t\t\t<span class=\"elementor-button-text\">Participer au projet<\/span>\n\t\t\t\t\t<\/span>\n\t\t\t\t\t<\/a>\n\t\t\t\t<\/div>\n\t\t\t\t\t\t\t\t<\/div>\n\t\t\t\t<\/div>\n\t\t\t\t<\/div>\n\t\t\t\t<\/div>\n\t\t\t\t\t<\/div>\n\t\t\t\t<\/div>\n\t\t<div class=\"elementor-element elementor-element-1118c5d elementor-hidden-desktop elementor-hidden-mobile e-flex e-con-boxed e-con e-parent\" data-id=\"1118c5d\" data-element_type=\"container\" data-e-type=\"container\" data-settings=\"{&quot;background_background&quot;:&quot;classic&quot;}\">\n\t\t\t\t\t<div class=\"e-con-inner\">\n\t\t<div class=\"elementor-element elementor-element-737bf0d e-con-full e-flex e-con e-child\" data-id=\"737bf0d\" data-element_type=\"container\" data-e-type=\"container\">\n\t\t\t\t<div class=\"elementor-element elementor-element-d936a77 elementor-widget elementor-widget-image\" data-id=\"d936a77\" data-element_type=\"widget\" data-e-type=\"widget\" data-settings=\"{&quot;motion_fx_motion_fx_scrolling&quot;:&quot;yes&quot;,&quot;motion_fx_translateY_effect&quot;:&quot;yes&quot;,&quot;motion_fx_devices&quot;:[&quot;desktop&quot;],&quot;motion_fx_translateY_speed&quot;:{&quot;unit&quot;:&quot;px&quot;,&quot;size&quot;:4,&quot;sizes&quot;:[]},&quot;motion_fx_translateY_affectedRange&quot;:{&quot;unit&quot;:&quot;%&quot;,&quot;size&quot;:&quot;&quot;,&quot;sizes&quot;:{&quot;start&quot;:0,&quot;end&quot;:100}}}\" data-widget_type=\"image.default\">\n\t\t\t\t<div class=\"elementor-widget-container\">\n\t\t\t\t\t\t\t\t\t\t\t\t\t\t\t<img fetchpriority=\"high\" decoding=\"async\" width=\"610\" height=\"610\" src=\"https:\/\/4mrok.com\/wp-content\/uploads\/2023\/10\/Groupe-36.png\" class=\"attachment-large size-large wp-image-62\" alt=\"\" srcset=\"https:\/\/4mrok.com\/wp-content\/uploads\/2023\/10\/Groupe-36.png 610w, https:\/\/4mrok.com\/wp-content\/uploads\/2023\/10\/Groupe-36-300x300.png 300w, https:\/\/4mrok.com\/wp-content\/uploads\/2023\/10\/Groupe-36-150x150.png 150w\" sizes=\"(max-width: 610px) 100vw, 610px\" \/>\t\t\t\t\t\t\t\t\t\t\t\t\t\t\t<\/div>\n\t\t\t\t<\/div>\n\t\t\t\t<\/div>\n\t\t<div class=\"elementor-element elementor-element-a23d7e1 e-con-full e-flex e-con e-child\" data-id=\"a23d7e1\" data-element_type=\"container\" data-e-type=\"container\">\n\t\t\t\t<div class=\"elementor-element elementor-element-1afb3a4 elementor-widget elementor-widget-image\" data-id=\"1afb3a4\" data-element_type=\"widget\" data-e-type=\"widget\" data-settings=\"{&quot;motion_fx_motion_fx_scrolling&quot;:&quot;yes&quot;,&quot;motion_fx_translateY_effect&quot;:&quot;yes&quot;,&quot;motion_fx_devices&quot;:[&quot;desktop&quot;],&quot;motion_fx_translateY_speed&quot;:{&quot;unit&quot;:&quot;px&quot;,&quot;size&quot;:4,&quot;sizes&quot;:[]},&quot;motion_fx_translateY_affectedRange&quot;:{&quot;unit&quot;:&quot;%&quot;,&quot;size&quot;:&quot;&quot;,&quot;sizes&quot;:{&quot;start&quot;:0,&quot;end&quot;:100}}}\" data-widget_type=\"image.default\">\n\t\t\t\t<div class=\"elementor-widget-container\">\n\t\t\t\t\t\t\t\t\t\t\t\t\t\t\t<img decoding=\"async\" width=\"565\" height=\"565\" src=\"https:\/\/4mrok.com\/wp-content\/uploads\/2023\/10\/Capture-decran-2023-09-26-a-18.21.44.png\" class=\"attachment-large size-large wp-image-86\" alt=\"\" srcset=\"https:\/\/4mrok.com\/wp-content\/uploads\/2023\/10\/Capture-decran-2023-09-26-a-18.21.44.png 565w, https:\/\/4mrok.com\/wp-content\/uploads\/2023\/10\/Capture-decran-2023-09-26-a-18.21.44-300x300.png 300w, https:\/\/4mrok.com\/wp-content\/uploads\/2023\/10\/Capture-decran-2023-09-26-a-18.21.44-150x150.png 150w\" sizes=\"(max-width: 565px) 100vw, 565px\" \/>\t\t\t\t\t\t\t\t\t\t\t\t\t\t\t<\/div>\n\t\t\t\t<\/div>\n\t\t\t\t<\/div>\n\t\t\t\t\t<\/div>\n\t\t\t\t<\/div>\n\t\t<div class=\"elementor-element elementor-element-7f101a0 e-flex e-con-boxed e-con e-parent\" data-id=\"7f101a0\" data-element_type=\"container\" data-e-type=\"container\" data-settings=\"{&quot;background_background&quot;:&quot;classic&quot;}\">\n\t\t\t\t\t<div class=\"e-con-inner\">\n\t\t<div class=\"elementor-element elementor-element-198b9f9 e-con-full e-flex e-con e-child\" data-id=\"198b9f9\" data-element_type=\"container\" data-e-type=\"container\">\n\t\t\t\t<div class=\"elementor-element elementor-element-7b7cce6 elementor-widget__width-initial elementor-widget-mobile__width-inherit elementor-widget elementor-widget-heading\" data-id=\"7b7cce6\" data-element_type=\"widget\" data-e-type=\"widget\" data-widget_type=\"heading.default\">\n\t\t\t\t<div class=\"elementor-widget-container\">\n\t\t\t\t\t<h2 class=\"elementor-heading-title elementor-size-default\">Des t\u00e9n\u00e8bres \u00e0 la lumi\u00e8re\n<\/h2>\t\t\t\t<\/div>\n\t\t\t\t<\/div>\n\t\t\t\t<div class=\"elementor-element elementor-element-884a31d elementor-widget__width-initial elementor-widget-mobile__width-inherit elementor-widget elementor-widget-heading\" data-id=\"884a31d\" data-element_type=\"widget\" data-e-type=\"widget\" data-widget_type=\"heading.default\">\n\t\t\t\t<div class=\"elementor-widget-container\">\n\t\t\t\t\t<h2 class=\"elementor-heading-title elementor-size-default\">\u00c9coutez maintenant<\/h2>\t\t\t\t<\/div>\n\t\t\t\t<\/div>\n\t\t\t\t<div class=\"elementor-element elementor-element-6e02348 elementor-widget elementor-widget-text-editor\" data-id=\"6e02348\" data-element_type=\"widget\" data-e-type=\"widget\" data-widget_type=\"text-editor.default\">\n\t\t\t\t<div class=\"elementor-widget-container\">\n\t\t\t\t\t\t\t\t\t<p>Chaque morceau est une invitation \u00e0 la r\u00e9flexion, a la compr\u00e9hension mutuelle et a l&#8217;unit\u00e9. Son objectif est de lancer un dialogue, de d\u00e9construire les pr\u00e9jug\u00e9s et de promouvoir un monde o\u00f9 la diversit\u00e9 est non seulement accept\u00e9e, mais aussi encourag\u00e9e.<\/p><p><br \/>Rejoignez 4mrok dans son voyage musical et explorer une musique qui transcende les fronti\u00e8res sonores pour v\u00e9hiculer un message de paix. Ensemble nous pouvons contribuer a cr\u00e9er un monde impr\u00e9gn\u00e9 de paix, de tol\u00e9rance et d&#8217;amour, tout en d\u00e9fendant le respect de la foi et la compr\u00e9hension entre les cultures.<\/p>\t\t\t\t\t\t\t\t<\/div>\n\t\t\t\t<\/div>\n\t\t<div class=\"elementor-element elementor-element-32423e4 e-con-full e-flex e-con e-child\" data-id=\"32423e4\" data-element_type=\"container\" data-e-type=\"container\">\n\t\t\t\t<div class=\"elementor-element elementor-element-28510d1 elementor-widget elementor-widget-image\" data-id=\"28510d1\" data-element_type=\"widget\" data-e-type=\"widget\" data-widget_type=\"image.default\">\n\t\t\t\t<div class=\"elementor-widget-container\">\n\t\t\t\t\t\t\t\t\t\t\t\t\t\t\t\t<a href=\"https:\/\/open.spotify.com\/album\/1VDxbNoqkDaeG97LAjge4V\" target=\"_blank\">\n\t\t\t\t\t\t\t<img loading=\"lazy\" decoding=\"async\" width=\"1\" height=\"1\" src=\"https:\/\/4mrok.com\/wp-content\/uploads\/2023\/10\/Image-2.svg\" class=\"attachment-large size-large wp-image-92\" alt=\"\" \/>\t\t\t\t\t\t\t\t<\/a>\n\t\t\t\t\t\t\t\t\t\t\t\t\t\t\t<\/div>\n\t\t\t\t<\/div>\n\t\t\t\t<div class=\"elementor-element elementor-element-cf0ab5c elementor-widget elementor-widget-image\" data-id=\"cf0ab5c\" data-element_type=\"widget\" data-e-type=\"widget\" data-widget_type=\"image.default\">\n\t\t\t\t<div class=\"elementor-widget-container\">\n\t\t\t\t\t\t\t\t\t\t\t\t\t\t\t\t<a href=\"https:\/\/music.apple.com\/us\/album\/des-t%C3%A9n%C3%A8bres-%C3%A0-la-lumi%C3%A8re-ep\/1708481689?ls=1&#038;app=itunes\" target=\"_blank\">\n\t\t\t\t\t\t\t<img loading=\"lazy\" decoding=\"async\" width=\"1\" height=\"1\" src=\"https:\/\/4mrok.com\/wp-content\/uploads\/2023\/10\/apple-music.svg\" class=\"attachment-large size-large wp-image-91\" alt=\"\" \/>\t\t\t\t\t\t\t\t<\/a>\n\t\t\t\t\t\t\t\t\t\t\t\t\t\t\t<\/div>\n\t\t\t\t<\/div>\n\t\t\t\t<div class=\"elementor-element elementor-element-2e795f0 elementor-widget elementor-widget-image\" data-id=\"2e795f0\" data-element_type=\"widget\" data-e-type=\"widget\" data-widget_type=\"image.default\">\n\t\t\t\t<div class=\"elementor-widget-container\">\n\t\t\t\t\t\t\t\t\t\t\t\t\t\t\t\t<a href=\"https:\/\/deezer.page.link\/uXTDA2ARHpWtVTAx7\" target=\"_blank\">\n\t\t\t\t\t\t\t<img loading=\"lazy\" decoding=\"async\" width=\"1\" height=\"1\" src=\"https:\/\/4mrok.com\/wp-content\/uploads\/2023\/10\/logo-deezer.svg\" class=\"attachment-large size-large wp-image-93\" alt=\"\" \/>\t\t\t\t\t\t\t\t<\/a>\n\t\t\t\t\t\t\t\t\t\t\t\t\t\t\t<\/div>\n\t\t\t\t<\/div>\n\t\t\t\t<div class=\"elementor-element elementor-element-94f9a51 elementor-widget__width-initial elementor-widget elementor-widget-image\" data-id=\"94f9a51\" data-element_type=\"widget\" data-e-type=\"widget\" data-widget_type=\"image.default\">\n\t\t\t\t<div class=\"elementor-widget-container\">\n\t\t\t\t\t\t\t\t\t\t\t\t\t\t\t\t<a href=\"https:\/\/music.amazon.fr\/albums\/B0CJL2RLMS?marketplaceId=A13V1IB3VIYZZH&#038;musicTerritory=FR&#038;ref=dm_sh_2Ob50MyKcIQAiREM2YiLhEkjP\" target=\"_blank\">\n\t\t\t\t\t\t\t<img loading=\"lazy\" decoding=\"async\" width=\"800\" height=\"257\" src=\"https:\/\/4mrok.com\/wp-content\/uploads\/2023\/10\/telechargement-1024x329.png\" class=\"attachment-large size-large wp-image-221\" alt=\"\" srcset=\"https:\/\/4mrok.com\/wp-content\/uploads\/2023\/10\/telechargement-1024x329.png 1024w, https:\/\/4mrok.com\/wp-content\/uploads\/2023\/10\/telechargement-300x97.png 300w, https:\/\/4mrok.com\/wp-content\/uploads\/2023\/10\/telechargement-768x247.png 768w, https:\/\/4mrok.com\/wp-content\/uploads\/2023\/10\/telechargement-1536x494.png 1536w, https:\/\/4mrok.com\/wp-content\/uploads\/2023\/10\/telechargement.png 1800w\" sizes=\"(max-width: 800px) 100vw, 800px\" \/>\t\t\t\t\t\t\t\t<\/a>\n\t\t\t\t\t\t\t\t\t\t\t\t\t\t\t<\/div>\n\t\t\t\t<\/div>\n\t\t\t\t<\/div>\n\t\t\t\t<\/div>\n\t\t<div class=\"elementor-element elementor-element-fbb5d77 elementor-hidden-tablet e-flex e-con-boxed e-con e-child\" data-id=\"fbb5d77\" data-element_type=\"container\" data-e-type=\"container\">\n\t\t\t\t\t<div class=\"e-con-inner\">\n\t\t\t\t<div class=\"elementor-element elementor-element-2895eb5 elementor-widget elementor-widget-image\" data-id=\"2895eb5\" data-element_type=\"widget\" data-e-type=\"widget\" data-settings=\"{&quot;motion_fx_motion_fx_scrolling&quot;:&quot;yes&quot;,&quot;motion_fx_translateY_effect&quot;:&quot;yes&quot;,&quot;motion_fx_translateY_speed&quot;:{&quot;unit&quot;:&quot;px&quot;,&quot;size&quot;:4,&quot;sizes&quot;:[]},&quot;motion_fx_translateY_affectedRange&quot;:{&quot;unit&quot;:&quot;%&quot;,&quot;size&quot;:&quot;&quot;,&quot;sizes&quot;:{&quot;start&quot;:0,&quot;end&quot;:100}},&quot;motion_fx_devices&quot;:[&quot;desktop&quot;,&quot;tablet&quot;,&quot;mobile&quot;]}\" data-widget_type=\"image.default\">\n\t\t\t\t<div class=\"elementor-widget-container\">\n\t\t\t\t\t\t\t\t\t\t\t\t\t\t\t<img decoding=\"async\" width=\"565\" height=\"565\" src=\"https:\/\/4mrok.com\/wp-content\/uploads\/2023\/10\/Capture-decran-2023-09-26-a-18.21.44.png\" class=\"attachment-large size-large wp-image-86\" alt=\"\" srcset=\"https:\/\/4mrok.com\/wp-content\/uploads\/2023\/10\/Capture-decran-2023-09-26-a-18.21.44.png 565w, https:\/\/4mrok.com\/wp-content\/uploads\/2023\/10\/Capture-decran-2023-09-26-a-18.21.44-300x300.png 300w, https:\/\/4mrok.com\/wp-content\/uploads\/2023\/10\/Capture-decran-2023-09-26-a-18.21.44-150x150.png 150w\" sizes=\"(max-width: 565px) 100vw, 565px\" \/>\t\t\t\t\t\t\t\t\t\t\t\t\t\t\t<\/div>\n\t\t\t\t<\/div>\n\t\t\t\t\t<\/div>\n\t\t\t\t<\/div>\n\t\t\t\t\t<\/div>\n\t\t\t\t<\/div>\n\t\t\t\t<\/div>\n\t\t","protected":false},"excerpt":{"rendered":"<p>Entre joie et peine &#8220;La diffErence est une force Certains en ont peur J&#8217;fais dans l&#8217;indiffErence Porte le poids d&#8217;mes erreurs #4mrok Amrok \u00c0 PROPOS Bienvenue dans l&#8217;univers d&#8217;4MROK, un artiste qui utilise la musique pour d\u00e9fendre un message de paix et de tol\u00e9rance. La musique pour lui est bien plus qu&#8217;une simple forme d&#8217;expression [&hellip;]<\/p>\n","protected":false},"author":1,"featured_media":0,"parent":0,"menu_order":0,"comment_status":"closed","ping_status":"closed","template":"elementor_header_footer","meta":{"footnotes":""},"class_list":["post-9","page","type-page","status-publish","hentry"],"_links":{"self":[{"href":"https:\/\/4mrok.com\/index.php?rest_route=\/wp\/v2\/pages\/9","targetHints":{"allow":["GET"]}}],"collection":[{"href":"https:\/\/4mrok.com\/index.php?rest_route=\/wp\/v2\/pages"}],"about":[{"href":"https:\/\/4mrok.com\/index.php?rest_route=\/wp\/v2\/types\/page"}],"author":[{"embeddable":true,"href":"https:\/\/4mrok.com\/index.php?rest_route=\/wp\/v2\/users\/1"}],"replies":[{"embeddable":true,"href":"https:\/\/4mrok.com\/index.php?rest_route=%2Fwp%2Fv2%2Fcomments&post=9"}],"version-history":[{"count":175,"href":"https:\/\/4mrok.com\/index.php?rest_route=\/wp\/v2\/pages\/9\/revisions"}],"predecessor-version":[{"id":321,"href":"https:\/\/4mrok.com\/index.php?rest_route=\/wp\/v2\/pages\/9\/revisions\/321"}],"wp:attachment":[{"href":"https:\/\/4mrok.com\/index.php?rest_route=%2Fwp%2Fv2%2Fmedia&parent=9"}],"curies":[{"name":"wp","href":"https:\/\/api.w.org\/{rel}","templated":true}]}}