{"id":3,"date":"2023-10-12T10:59:55","date_gmt":"2023-10-12T10:59:55","guid":{"rendered":"https:\/\/amrok.speed.hebergement-com4design.fr\/?page_id=3"},"modified":"2023-10-28T07:42:55","modified_gmt":"2023-10-28T07:42:55","slug":"privacy-policy","status":"publish","type":"page","link":"https:\/\/4mrok.com\/?page_id=3","title":{"rendered":"Politique de confidentialit\u00e9"},"content":{"rendered":"\n<p>Nous vous remercions de visiter notre site. Votre confidentialit\u00e9 est importante pour nous, c&#8217;est pourquoi nous souhaitons vous informer que notre site ne collecte aucune donn\u00e9e personnelle ou identifiable de ses utilisateurs.<\/p>\n\n\n\n<p>Aucune information personnelle telle que les noms, adresses, adresses e-mail ou toute autre information de ce type n&#8217;est recueillie automatiquement lorsque vous naviguez sur notre site.<\/p>\n\n\n\n<p>Cookies et Suivi : Nous n&#8217;utilisons aucun type de cookies ou de technologies de suivi pour collecter des informations vous concernant. Nous ne faisons pas de ciblage publicitaire ni ne partageons des donn\u00e9es avec des tiers.<\/p>\n\n\n\n<p>Liens Externes : Notre site peut contenir des liens vers d&#8217;autres sites web. Nous ne sommes pas responsables des pratiques en mati\u00e8re de confidentialit\u00e9 de ces sites. Nous vous encourageons \u00e0 lire les politiques de confidentialit\u00e9 de ces sites avant de fournir toute information personnelle.<\/p>\n\n\n\n<p>Bien que nous ne recueillions aucune donn\u00e9e personnelle, veuillez noter que les informations techniques g\u00e9n\u00e9rales concernant la navigation sur le site peuvent \u00eatre collect\u00e9es, telles que l&#8217;adresse IP, le type de navigateur, le syst\u00e8me d&#8217;exploitation, etc., \u00e0 des fins statistiques et d&#8217;am\u00e9lioration du site.<\/p>\n\n\n\n<p>Changements de la Politique de Confidentialit\u00e9 : Cette politique de confidentialit\u00e9 peut \u00eatre mise \u00e0 jour p\u00e9riodiquement. Toute modification sera publi\u00e9e sur cette page.<\/p>\n\n\n\n<p>Si vous avez des questions concernant notre politique de confidentialit\u00e9, n&#8217;h\u00e9sitez pas \u00e0 nous contacter via nos diff\u00e9rents r\u00e9seaux sociaux.<\/p>\n\n\n\n<p>Merci de votre visite sur notre site.<\/p>\n","protected":false},"excerpt":{"rendered":"<p>Nous vous remercions de visiter notre site. Votre confidentialit\u00e9 est importante pour nous, c&#8217;est pourquoi nous souhaitons vous informer que notre site ne collecte aucune donn\u00e9e personnelle ou identifiable de ses utilisateurs. Aucune information personnelle telle que les noms, adresses, adresses e-mail ou toute autre information de ce type n&#8217;est recueillie automatiquement lorsque vous naviguez [&hellip;]<\/p>\n","protected":false},"author":1,"featured_media":0,"parent":0,"menu_order":0,"comment_status":"closed","ping_status":"open","template":"","meta":{"footnotes":""},"class_list":["post-3","page","type-page","status-publish","hentry"],"_links":{"self":[{"href":"https:\/\/4mrok.com\/index.php?rest_route=\/wp\/v2\/pages\/3","targetHints":{"allow":["GET"]}}],"collection":[{"href":"https:\/\/4mrok.com\/index.php?rest_route=\/wp\/v2\/pages"}],"about":[{"href":"https:\/\/4mrok.com\/index.php?rest_route=\/wp\/v2\/types\/page"}],"author":[{"embeddable":true,"href":"https:\/\/4mrok.com\/index.php?rest_route=\/wp\/v2\/users\/1"}],"replies":[{"embeddable":true,"href":"https:\/\/4mrok.com\/index.php?rest_route=%2Fwp%2Fv2%2Fcomments&post=3"}],"version-history":[{"count":1,"href":"https:\/\/4mrok.com\/index.php?rest_route=\/wp\/v2\/pages\/3\/revisions"}],"predecessor-version":[{"id":322,"href":"https:\/\/4mrok.com\/index.php?rest_route=\/wp\/v2\/pages\/3\/revisions\/322"}],"wp:attachment":[{"href":"https:\/\/4mrok.com\/index.php?rest_route=%2Fwp%2Fv2%2Fmedia&parent=3"}],"curies":[{"name":"wp","href":"https:\/\/api.w.org\/{rel}","templated":true}]}}